{"id":59,"date":"2015-03-24T19:01:57","date_gmt":"2015-03-24T18:01:57","guid":{"rendered":"http:\/\/www.doirodes.it\/blog\/de\/?page_id=59"},"modified":"2015-04-21T10:14:52","modified_gmt":"2015-04-21T08:14:52","slug":"puky","status":"publish","type":"page","link":"https:\/\/www.doirodes.it\/de\/puky\/","title":{"rendered":"Puky"},"content":{"rendered":"<p><a href=\"http:\/\/www.puky.net\/\" target=\"_blank\"><img loading=\"lazy\" decoding=\"async\" class=\"  wp-image-123 aligncenter\" src=\"http:\/\/www.doirodes.it\/blog\/wp-content\/uploads\/2015\/02\/pukybear-225x300.jpg\" alt=\"pukybear\" width=\"119\" height=\"159\" \/><\/a><\/p>\n<p>Puky f\u00fcr mehr als 60 Jahren durch Kompetenz und Engagement in den Aufbau Kinderfahrr\u00e4der und ein Standard von au\u00dfergew\u00f6hnlicher Qualit\u00e4t aus. (Hergestellt in Deutschland) Diese Zirkulationsmittel der ideale Begleiter f\u00fcr Kinder, die in ihren Raum oder w\u00e4hrend ihrer Reisen mobil sein wollen aufgrund ihrer hohen Spielwert. Die Fahrzeuge Puky haben einstellbare Komponenten, die mit den Kindern wachsen und aus diesem Grund eine lange Einsatzdauer.<\/p>\n","protected":false},"excerpt":{"rendered":"<p>Puky f\u00fcr mehr als 60 Jahren durch Kompetenz und Engagement in den Aufbau Kinderfahrr\u00e4der und ein Standard von au\u00dfergew\u00f6hnlicher Qualit\u00e4t aus. (Hergestellt in Deutschland) Diese Zirkulationsmittel der ideale Begleiter f\u00fcr Kinder, die in ihren Raum oder w\u00e4hrend ihrer Reisen mobil&#8230;<span class=\"read-more\"><a href=\"https:\/\/www.doirodes.it\/de\/puky\/\">Continue Reading &rarr;<\/a><\/span><\/p>\n","protected":false},"author":1,"featured_media":0,"parent":0,"menu_order":0,"comment_status":"open","ping_status":"open","template":"","meta":{"footnotes":""},"class_list":["post-59","page","type-page","status-publish","hentry"],"_links":{"self":[{"href":"https:\/\/www.doirodes.it\/de\/wp-json\/wp\/v2\/pages\/59","targetHints":{"allow":["GET"]}}],"collection":[{"href":"https:\/\/www.doirodes.it\/de\/wp-json\/wp\/v2\/pages"}],"about":[{"href":"https:\/\/www.doirodes.it\/de\/wp-json\/wp\/v2\/types\/page"}],"author":[{"embeddable":true,"href":"https:\/\/www.doirodes.it\/de\/wp-json\/wp\/v2\/users\/1"}],"replies":[{"embeddable":true,"href":"https:\/\/www.doirodes.it\/de\/wp-json\/wp\/v2\/comments?post=59"}],"version-history":[{"count":2,"href":"https:\/\/www.doirodes.it\/de\/wp-json\/wp\/v2\/pages\/59\/revisions"}],"predecessor-version":[{"id":97,"href":"https:\/\/www.doirodes.it\/de\/wp-json\/wp\/v2\/pages\/59\/revisions\/97"}],"wp:attachment":[{"href":"https:\/\/www.doirodes.it\/de\/wp-json\/wp\/v2\/media?parent=59"}],"curies":[{"name":"wp","href":"https:\/\/api.w.org\/{rel}","templated":true}]}}