{"id":57,"date":"2015-03-24T19:01:16","date_gmt":"2015-03-24T18:01:16","guid":{"rendered":"http:\/\/www.doirodes.it\/blog\/de\/?page_id=57"},"modified":"2020-12-25T13:15:22","modified_gmt":"2020-12-25T12:15:22","slug":"orbea","status":"publish","type":"page","link":"https:\/\/www.doirodes.it\/de\/orbea\/","title":{"rendered":"Orbea"},"content":{"rendered":"<p><a href=\"http:\/\/www.orbea.com\/it-it\/biciclette\/\" target=\"_blank\" rel=\"noopener\"><img loading=\"lazy\" decoding=\"async\" class=\" size-medium wp-image-66 aligncenter\" src=\"http:\/\/www.doirodes.it\/blog\/wp-content\/uploads\/2015\/02\/orbea-300x136.jpg\" alt=\"orbea\" width=\"300\" height=\"136\" \/><\/a><\/p>\n<p>Orbea wurde 1847 als Familienunternehmen auf die Herstellung von Waffen gewidmet gegr\u00fcndet. Im Jahr 1930 \u00e4ndert sich der Markt an die sie adressiert und beginnt mit der Entwicklung und Herstellung von Fahrr\u00e4dern.<\/p>\n<p>Im Jahr 1998 begann der Prozess der Internationalisierung von Orbea mit einem klaren Ziel: eine globale Marke, ein Bezugspunkt f\u00fcr den Benutzer der Outdoor-Aktivit\u00e4ten geworden.<\/p>\n<p>[huge_it_gallery id=&#8220;5&#8243;]<\/p>\n","protected":false},"excerpt":{"rendered":"<p>Orbea wurde 1847 als Familienunternehmen auf die Herstellung von Waffen gewidmet gegr\u00fcndet. Im Jahr 1930 \u00e4ndert sich der Markt an die sie adressiert und beginnt mit der Entwicklung und Herstellung von Fahrr\u00e4dern. Im Jahr 1998 begann der Prozess der Internationalisierung&#8230;<span class=\"read-more\"><a href=\"https:\/\/www.doirodes.it\/de\/orbea\/\">Continue Reading &rarr;<\/a><\/span><\/p>\n","protected":false},"author":1,"featured_media":0,"parent":0,"menu_order":0,"comment_status":"open","ping_status":"open","template":"","meta":{"footnotes":""},"class_list":["post-57","page","type-page","status-publish","hentry"],"_links":{"self":[{"href":"https:\/\/www.doirodes.it\/de\/wp-json\/wp\/v2\/pages\/57","targetHints":{"allow":["GET"]}}],"collection":[{"href":"https:\/\/www.doirodes.it\/de\/wp-json\/wp\/v2\/pages"}],"about":[{"href":"https:\/\/www.doirodes.it\/de\/wp-json\/wp\/v2\/types\/page"}],"author":[{"embeddable":true,"href":"https:\/\/www.doirodes.it\/de\/wp-json\/wp\/v2\/users\/1"}],"replies":[{"embeddable":true,"href":"https:\/\/www.doirodes.it\/de\/wp-json\/wp\/v2\/comments?post=57"}],"version-history":[{"count":3,"href":"https:\/\/www.doirodes.it\/de\/wp-json\/wp\/v2\/pages\/57\/revisions"}],"predecessor-version":[{"id":107,"href":"https:\/\/www.doirodes.it\/de\/wp-json\/wp\/v2\/pages\/57\/revisions\/107"}],"wp:attachment":[{"href":"https:\/\/www.doirodes.it\/de\/wp-json\/wp\/v2\/media?parent=57"}],"curies":[{"name":"wp","href":"https:\/\/api.w.org\/{rel}","templated":true}]}}