{"id":49,"date":"2015-03-24T18:59:19","date_gmt":"2015-03-24T17:59:19","guid":{"rendered":"http:\/\/www.doirodes.it\/blog\/de\/?page_id=49"},"modified":"2020-12-25T13:27:12","modified_gmt":"2020-12-25T12:27:12","slug":"bh-bikes","status":"publish","type":"page","link":"https:\/\/www.doirodes.it\/de\/bh-bikes\/","title":{"rendered":"BH Bikes"},"content":{"rendered":"<p><a href=\"http:\/\/www.bhbikes.com\/index.php?lang=it\" target=\"_blank\" rel=\"noopener\"><img loading=\"lazy\" decoding=\"async\" class=\"  wp-image-129 aligncenter\" src=\"http:\/\/www.doirodes.it\/blog\/wp-content\/uploads\/2015\/02\/New-BH-logo-March-2012-300x300.jpg\" alt=\"New-BH-logo-March-2012\" width=\"173\" height=\"173\" \/><\/a><\/p>\n<p>BH Bikes, die spanische Marke mit \u00fcber 100 Jahren Erfahrung und ein Angebot, das von MTB in die Stadt Fahrrad reicht. Die Initialen BH hat, seit mehr als einem Jahrhundert ein Synonym f\u00fcr Fahrr\u00e4der, Radsport, Sportgeist und sich selbst zu \u00fcbertreffen.<\/p>\n<p>[huge_it_gallery id=&#8220;6&#8243;]<\/p>\n","protected":false},"excerpt":{"rendered":"<p>BH Bikes, die spanische Marke mit \u00fcber 100 Jahren Erfahrung und ein Angebot, das von MTB in die Stadt Fahrrad reicht. Die Initialen BH hat, seit mehr als einem Jahrhundert ein Synonym f\u00fcr Fahrr\u00e4der, Radsport, Sportgeist und sich selbst zu&#8230;<span class=\"read-more\"><a href=\"https:\/\/www.doirodes.it\/de\/bh-bikes\/\">Continue Reading &rarr;<\/a><\/span><\/p>\n","protected":false},"author":1,"featured_media":0,"parent":0,"menu_order":0,"comment_status":"open","ping_status":"open","template":"","meta":{"footnotes":""},"class_list":["post-49","page","type-page","status-publish","hentry"],"_links":{"self":[{"href":"https:\/\/www.doirodes.it\/de\/wp-json\/wp\/v2\/pages\/49","targetHints":{"allow":["GET"]}}],"collection":[{"href":"https:\/\/www.doirodes.it\/de\/wp-json\/wp\/v2\/pages"}],"about":[{"href":"https:\/\/www.doirodes.it\/de\/wp-json\/wp\/v2\/types\/page"}],"author":[{"embeddable":true,"href":"https:\/\/www.doirodes.it\/de\/wp-json\/wp\/v2\/users\/1"}],"replies":[{"embeddable":true,"href":"https:\/\/www.doirodes.it\/de\/wp-json\/wp\/v2\/comments?post=49"}],"version-history":[{"count":3,"href":"https:\/\/www.doirodes.it\/de\/wp-json\/wp\/v2\/pages\/49\/revisions"}],"predecessor-version":[{"id":114,"href":"https:\/\/www.doirodes.it\/de\/wp-json\/wp\/v2\/pages\/49\/revisions\/114"}],"wp:attachment":[{"href":"https:\/\/www.doirodes.it\/de\/wp-json\/wp\/v2\/media?parent=49"}],"curies":[{"name":"wp","href":"https:\/\/api.w.org\/{rel}","templated":true}]}}