{"id":46,"date":"2015-03-24T18:58:33","date_gmt":"2015-03-24T17:58:33","guid":{"rendered":"http:\/\/www.doirodes.it\/blog\/de\/?page_id=46"},"modified":"2015-04-21T10:12:49","modified_gmt":"2015-04-21T08:12:49","slug":"46-2","status":"publish","type":"page","link":"https:\/\/www.doirodes.it\/de\/46-2\/","title":{"rendered":"Atala"},"content":{"rendered":"<p><a href=\"http:\/\/www.atala.it\/product-category\/bici\/\" target=\"_blank\"><img loading=\"lazy\" decoding=\"async\" class=\"  wp-image-121 aligncenter\" src=\"http:\/\/www.doirodes.it\/blog\/wp-content\/uploads\/2015\/02\/Atala_103a3_450x450-300x300.png\" alt=\"Atala_103a3_450x450\" width=\"223\" height=\"223\" \/><\/a><\/p>\n<p>Die Marke Atala ist die Geschichte des italienischen Radsports, gegr\u00fcndet 1921 Atala hat immer seinen Namen in der gro\u00dfen Helden des Radsports beigetreten.<\/p>\n<p>Atala produziert eine Reihe von Fahrr\u00e4dern geeignet f\u00fcr die ganze Familie, von der Stadt, Sport und elektrische.<\/p>\n<p>&nbsp;<\/p>\n","protected":false},"excerpt":{"rendered":"<p>Die Marke Atala ist die Geschichte des italienischen Radsports, gegr\u00fcndet 1921 Atala hat immer seinen Namen in der gro\u00dfen Helden des Radsports beigetreten. Atala produziert eine Reihe von Fahrr\u00e4dern geeignet f\u00fcr die ganze Familie, von der Stadt, Sport und elektrische&#8230;.<span class=\"read-more\"><a href=\"https:\/\/www.doirodes.it\/de\/46-2\/\">Continue Reading &rarr;<\/a><\/span><\/p>\n","protected":false},"author":1,"featured_media":0,"parent":0,"menu_order":0,"comment_status":"open","ping_status":"open","template":"","meta":{"footnotes":""},"class_list":["post-46","page","type-page","status-publish","hentry"],"_links":{"self":[{"href":"https:\/\/www.doirodes.it\/de\/wp-json\/wp\/v2\/pages\/46","targetHints":{"allow":["GET"]}}],"collection":[{"href":"https:\/\/www.doirodes.it\/de\/wp-json\/wp\/v2\/pages"}],"about":[{"href":"https:\/\/www.doirodes.it\/de\/wp-json\/wp\/v2\/types\/page"}],"author":[{"embeddable":true,"href":"https:\/\/www.doirodes.it\/de\/wp-json\/wp\/v2\/users\/1"}],"replies":[{"embeddable":true,"href":"https:\/\/www.doirodes.it\/de\/wp-json\/wp\/v2\/comments?post=46"}],"version-history":[{"count":3,"href":"https:\/\/www.doirodes.it\/de\/wp-json\/wp\/v2\/pages\/46\/revisions"}],"predecessor-version":[{"id":91,"href":"https:\/\/www.doirodes.it\/de\/wp-json\/wp\/v2\/pages\/46\/revisions\/91"}],"wp:attachment":[{"href":"https:\/\/www.doirodes.it\/de\/wp-json\/wp\/v2\/media?parent=46"}],"curies":[{"name":"wp","href":"https:\/\/api.w.org\/{rel}","templated":true}]}}