{"id":40,"date":"2015-03-24T18:54:39","date_gmt":"2015-03-24T17:54:39","guid":{"rendered":"http:\/\/www.doirodes.it\/blog\/de\/?page_id=40"},"modified":"2015-03-24T18:54:43","modified_gmt":"2015-03-24T17:54:43","slug":"fahrradverleih","status":"publish","type":"page","link":"https:\/\/www.doirodes.it\/de\/fahrradverleih\/","title":{"rendered":"Fahrradverleih"},"content":{"rendered":"<p>Ein idealer Service f\u00fcr alle Touristen, die ihren Urlaub in Gr\u00f6den genie\u00dfen m\u00f6chten. Im Laden DoiRodes St. Ulrich k\u00f6nnen Sie Fahrr\u00e4der f\u00fcr Ihre Familie mieten und profitieren Sie von den vielen Dienstleistungen, die wir anbieten k\u00f6nnen.<\/p>\n<p>Und wenn Sie einen Rat brauchen oder wollen, einen Ausflug in MTB organisieren Sie m\u00fcssen nur fragen! Pr\u00fcfen Sie in unserer Rubrik &#8222;Ausfl\u00fcge&#8220;, um Anregungen und neue Ideen zu finden!<\/p>\n","protected":false},"excerpt":{"rendered":"<p>Ein idealer Service f\u00fcr alle Touristen, die ihren Urlaub in Gr\u00f6den genie\u00dfen m\u00f6chten. Im Laden DoiRodes St. Ulrich k\u00f6nnen Sie Fahrr\u00e4der f\u00fcr Ihre Familie mieten und profitieren Sie von den vielen Dienstleistungen, die wir anbieten k\u00f6nnen. Und wenn Sie einen&#8230;<span class=\"read-more\"><a href=\"https:\/\/www.doirodes.it\/de\/fahrradverleih\/\">Continue Reading &rarr;<\/a><\/span><\/p>\n","protected":false},"author":1,"featured_media":0,"parent":0,"menu_order":0,"comment_status":"open","ping_status":"open","template":"","meta":{"footnotes":""},"class_list":["post-40","page","type-page","status-publish","hentry"],"_links":{"self":[{"href":"https:\/\/www.doirodes.it\/de\/wp-json\/wp\/v2\/pages\/40","targetHints":{"allow":["GET"]}}],"collection":[{"href":"https:\/\/www.doirodes.it\/de\/wp-json\/wp\/v2\/pages"}],"about":[{"href":"https:\/\/www.doirodes.it\/de\/wp-json\/wp\/v2\/types\/page"}],"author":[{"embeddable":true,"href":"https:\/\/www.doirodes.it\/de\/wp-json\/wp\/v2\/users\/1"}],"replies":[{"embeddable":true,"href":"https:\/\/www.doirodes.it\/de\/wp-json\/wp\/v2\/comments?post=40"}],"version-history":[{"count":1,"href":"https:\/\/www.doirodes.it\/de\/wp-json\/wp\/v2\/pages\/40\/revisions"}],"predecessor-version":[{"id":41,"href":"https:\/\/www.doirodes.it\/de\/wp-json\/wp\/v2\/pages\/40\/revisions\/41"}],"wp:attachment":[{"href":"https:\/\/www.doirodes.it\/de\/wp-json\/wp\/v2\/media?parent=40"}],"curies":[{"name":"wp","href":"https:\/\/api.w.org\/{rel}","templated":true}]}}