{"id":20,"date":"2015-03-24T18:20:18","date_gmt":"2015-03-24T17:20:18","guid":{"rendered":"http:\/\/www.doirodes.it\/blog\/de\/?page_id=20"},"modified":"2015-04-21T10:12:24","modified_gmt":"2015-04-21T08:12:24","slug":"abus","status":"publish","type":"page","link":"https:\/\/www.doirodes.it\/de\/abus\/","title":{"rendered":"Abus"},"content":{"rendered":"<p><a href=\"http:\/\/www.abus.com\/it\/Sicurezza-moto-e-bici\/Bici\" target=\"_blank\"><img decoding=\"async\" class=\" aligncenter\" src=\"http:\/\/www.doirodes.it\/blog\/wp-content\/uploads\/2015\/02\/abus-logo.png\" alt=\"\" \/><\/a><\/p>\n<p>Sicherheit f\u00fcr Ihr Fahrrad hat nur einen Namen: Abus. Anti-Diebstahl-Ger\u00e4te f\u00fcr Ihr Fahrrad als Sch\u00e4kel Vorh\u00e4ngeschl\u00f6sser, Ketten, Falzen, mit verst\u00e4rktem Kabel mit Spiralkabel oder Kabel einfach.<\/p>\n","protected":false},"excerpt":{"rendered":"<p>Sicherheit f\u00fcr Ihr Fahrrad hat nur einen Namen: Abus. Anti-Diebstahl-Ger\u00e4te f\u00fcr Ihr Fahrrad als Sch\u00e4kel Vorh\u00e4ngeschl\u00f6sser, Ketten, Falzen, mit verst\u00e4rktem Kabel mit Spiralkabel oder Kabel einfach.<\/p>\n","protected":false},"author":1,"featured_media":0,"parent":0,"menu_order":0,"comment_status":"open","ping_status":"open","template":"","meta":{"footnotes":""},"class_list":["post-20","page","type-page","status-publish","hentry"],"_links":{"self":[{"href":"https:\/\/www.doirodes.it\/de\/wp-json\/wp\/v2\/pages\/20","targetHints":{"allow":["GET"]}}],"collection":[{"href":"https:\/\/www.doirodes.it\/de\/wp-json\/wp\/v2\/pages"}],"about":[{"href":"https:\/\/www.doirodes.it\/de\/wp-json\/wp\/v2\/types\/page"}],"author":[{"embeddable":true,"href":"https:\/\/www.doirodes.it\/de\/wp-json\/wp\/v2\/users\/1"}],"replies":[{"embeddable":true,"href":"https:\/\/www.doirodes.it\/de\/wp-json\/wp\/v2\/comments?post=20"}],"version-history":[{"count":5,"href":"https:\/\/www.doirodes.it\/de\/wp-json\/wp\/v2\/pages\/20\/revisions"}],"predecessor-version":[{"id":90,"href":"https:\/\/www.doirodes.it\/de\/wp-json\/wp\/v2\/pages\/20\/revisions\/90"}],"wp:attachment":[{"href":"https:\/\/www.doirodes.it\/de\/wp-json\/wp\/v2\/media?parent=20"}],"curies":[{"name":"wp","href":"https:\/\/api.w.org\/{rel}","templated":true}]}}